{"id":2514,"date":"2017-03-08T16:46:21","date_gmt":"2017-03-08T09:46:21","guid":{"rendered":"https:\/\/cookattorneys.com\/privacy-policy\/"},"modified":"2017-03-08T16:46:21","modified_gmt":"2017-03-08T09:46:21","slug":"privacy-policy","status":"publish","type":"page","link":"https:\/\/cookattorneys.com\/es\/privacy-policy\/","title":{"rendered":"Privacy Policy"},"content":{"rendered":"<h1 class=\"policy-title\">Pol\u00edtica de Privacidad<\/h1>\n<p>Est\u00e1 Pol\u00edtica de privacidad aplica a la informaci\u00f3n coleccionada en l\u00ednea de usuarios de nuestro sitio web.  En est\u00e1 p\u00f3liza usted  puede aprender qu\u00e9 informaci\u00f3n obtenemos, cu\u00e1ndo y c\u00f3mo podemos usar esa informaci\u00f3n, c\u00f3mo protegemos la informaci\u00f3n y las elecciones que usted tiene con respecto a su informaci\u00f3n personal.<\/p>\n<h4>\u00bfQu\u00e9 informaci\u00f3n personal es guardado a trav\u00e9s  del sitio web y c\u00f3mo es usado?<\/h4>\n<p>Nosotros coleccionamos informaci\u00f3n de nuestros usuarios de tres maneras: directamente del usuario, de nuestro registro del servidor de \u201ccookies\u201d.  Usamos la informaci\u00f3n sobre todo para proporcionarles una experiencia personalizada por internet que entrega la informaci\u00f3n, recursos, y servicios que son m\u00e1s relevantes y \u00fatiles para usted.  No compartimos ninguna informaci\u00f3n que usted nos proporciona, a menos que lo digamos en la Pol\u00edtica de Privacidad, o cu\u00e1ndo creemos en buena fe que la ley lo requiere.<\/p>\n<p><strong>Informaci\u00f3n-suministrada por el Usuario:<\/strong> Si usted llena el formulario de \u201ccontacto\u201d de nuestro sitio web, le pediremos que nos proporcione informaci\u00f3n personal (como correo electr\u00f3nico, nombre, n\u00famero de tel\u00e9fono y estado).  Solo requerimos que nos d\u00e9 su correo electr\u00f3nico en el formulario de contacto.  M\u00e1s all\u00e1, si el chat est\u00e1 disponible en este sitio, puede que le pidamos que proporcione informaci\u00f3n si participa en el chat en l\u00ednea.  Favor de no someter ninguna informaci\u00f3n confidencial, propietaria o sensiblemente identificable. (por ejemplo. N\u00famero de Seguro Social, fecha de nacimiento, n\u00famero de licencia de conducir, n\u00famero de tarjeta de cr\u00e9dito, n\u00famero bancario o alguna otra informaci\u00f3n financiera) (colectivamente, \u201cInformaci\u00f3n Sensible).  Si usted somete cualquier Informaci\u00f3n Sensible, lo hace a su propio riesgo y no seremos responsables ni a usted ni responsable de las consecuencias de su sumisi\u00f3n.<\/p>\n<p>Informaci\u00f3n que usted nos d\u00e9 a trav\u00e9s del formulario de contacto o un chat en l\u00ednea ser\u00e1 usada para que podamos responder a su encuesta.  Tambi\u00e9n podemos usar informaci\u00f3n que usted nos d\u00e9 para comunicarnos con usted en el futuro.  Si usted no desea recibir dichas comunicaciones, puede optar de no recibir (cancelar la suscripci\u00f3n) c\u00f3mo es descrito abajo.<\/p>\n<p><strong>Registros del Servidor Web:<\/strong> Cuando usted visita nuestro sitio web, podemos rastrear informaci\u00f3n sobre su visita y guardar esa informaci\u00f3n en nuestro servidor web, que son archivos de las actividades en nuestros sitios.  Los servidores autom\u00e1ticamente capturan y guardan la informaci\u00f3n electr\u00f3nicamente.  Ejemplos de lo que podamos coleccionar incluye:<\/p>\n<ul>\n<li>direcci\u00f3n \u00fanica del protocolo;<\/li>\n<li>el nombre de el proveedor d\u00e9 su servicio de internet;<\/li>\n<li>el pueblo\/ciudad, condado\/estado y pa\u00eds de donde accedi\u00f3 nuestro sitio web;<\/li>\n<li>el tipo de navegador o d\u00e9 computadora que usted use;<\/li>\n<li>el n\u00famero de enlaces que haga dentro del sitio;<\/li>\n<li>el dia y el horario de su visita;<\/li>\n<li>la p\u00e1gina del sitio web de donde lleg\u00f3 a nuestro sitio;<\/li>\n<li>las p\u00e1ginas que haya visto en el sitio y<\/li>\n<li>ciertas b\u00fasquedas o investigaciones que realiz\u00f3 dentro de nuestro(s) sitio (s) web.<\/li>\n<\/ul>\n<p>La informaci\u00f3n que coleccionamos en nuestro registro del servidor web nos ayuda a administrar este sitio, analizar el uso, proteger el sitio web y su contenido d\u00e9 uso inapropiado y mejorar la experiencia del usuario.<\/p>\n<p><strong>\u201cCookies\u201d:<\/strong> Para poder ofrecer y proporcionar un servicio personalizado y personal, nuestro sitio web y aplicaciones pueden usar \u201ccookies\u201d y tecnolog\u00edas similares para guardar y ayudar a rastrear informaci\u00f3n sobre usted.  \u201cCookies\u201d son simplemente pedazos de data que son enviados a su navegador de un Servidor Web y guardado en su disco duro de su computadora.  Nosotros usamos las \u201ccookies\u201d para que nos ayude a recordar qui\u00e9n es usted y ayudarle a usted navegar nuestros sitios durante sus visitas.  Las \u201ccookies\u201d tambi\u00e9n nos pueden decir donde van nuestros visitantes van en nuestro sitio web y nos permiten guardar las preferencias para usted para qu\u00e9 usted no tenga que volver a someter la informaci\u00f3n cada vez que usted visite la p\u00e1gina.  El uso de \u201ccookies\u201d es relativamente est\u00e1ndar.  La mayor\u00eda de navegadores de internet son inicialmente establecidos para aceptar \u201ccookies\u201d, pero usted puede usar su navegador para notificarle cu\u00e1ndo quiere recibir \u201ccookies\u201d o inhabilitar los \u201ccookies.\u201d<\/p>\n<p>Si usted desea inhabilitar los \u201ccookies\u201d de este sitio web, puede hacerlo usando su navegador.  Usted debe de entender qu\u00e9 algunas caracter\u00edsticas de varios sitios puede que no funcione apropiadamente si usted no acepta \u201ccookies.\u201d  Para m\u00e1s informaci\u00f3n sobre usar navegadores para manejar \u201ccookies\u201d por favor ver Todo Sobre Cookies.  Usted tambi\u00e9n puede negarse d\u00e9 aceptar \u201cFlash Cookies\u201d de este sitio web usando las herramientas del Manejador de Flash de Adobe. Usted puede optar por no recibir el uso de \u2018Cookies\u201d en Google visitando la Configuraci\u00f3n de Anuncios<\/p>\n<p>Al visitar este sitio web, usted puede acceder al uso de \u201ccookies\u201d y tecnolog\u00edas similares en conformidad con esta Pol\u00edtica de Privacidad.<\/p>\n<p><strong>Servicios de Terceros:<\/strong> Podemos usar servicios alojados por terceros, incluyendo el Sitio Catalizador d\u00e9 Adobe, para asistir en proporcionar nuestros servicios y ayudarnos a entender el uso de nuestro sitio por nuestros usuarios.  Estos servicios pueden coleccionar informaci\u00f3n mandado por su navegador como parte de una solicitud de una p\u00e1gina web, incluyendo su direcci\u00f3n de IP o \u201ccookies.\u201d  Si estos servicios de terceros obtienen informaci\u00f3n, lo hacen an\u00f3nimamente y en el agregado para proporcionar informaci\u00f3n \u00fatil para nosotros como tendencias de los sitios web, sin identificar a los visitantes individuales.<\/p>\n<p>Tambi\u00e9n podemos usar servicios proporcionados por terceros para monitorear contenido relevante, productos, servicios y anuncios a usted. Estos terceros pueden usar \u201ccookies\u201d, \u201cweb beacons\u201d y tecnolog\u00edas similares para obtener o recibir informaci\u00f3n de este sitio web y de otras partes del internet.  Luego pueden usar esa informaci\u00f3n para proporcionar servicios de medici\u00f3n para que nosotros podamos entender sus intereses y dar anuncios basados en sus visitas previas a nuestro sitio web. <\/p>\n<p>Favor de tener en mente qu\u00e9 nosotros no compartimos su informaci\u00f3n personal con ning\u00fan anunciantes terceros, servidor de anuncios o red de anuncios.<\/p>\n<p>Usted puede optar d\u00e9 no coleccionar el y usar informaci\u00f3n para anuncios d\u00e9 algunos terceros visitando <a href=\"www.aboutads.info\/choices\">P\u00e1gina de Elecci\u00f3n del Consumidor de la Alianza de Publicidad Digital<\/a>. Usted puede optar fuera d\u00e9 el uso de Google d\u00e9 \u201ccookies\u201d al visitar los Ajustes de Anuncios de Google. Usted puede visitar est\u00e1 p\u00e1gina para optar fuera de \u201cAdRoll\u2019s\u201d y sus anuncios d\u00e9 compa\u00f1eros. Favor de Ver \u201cCookies\u201d en la secci\u00f3n de arriba para m\u00e1s informaci\u00f3n de c\u00f3mo puede usted controlar el uso de \u201ccookies\u201d en la computadora.<\/p>\n<p><strong>California No Rastrear:<\/strong> Nuestro servicio web no altera, cambia, ni responde al recibir peticiones ni se\u00f1ales de \u201cNo Rastrear\u201d (DNT) en los navegadores.  C\u00f3mo fue descrito arriba con m\u00e1s detalles, podemos rastrear la actividad del usuario usando los archivos del servidor y nos ayuda analizar el sitio web y el uso y mejorar la experiencia del usuario.  \u201cCookies\u201d nos permiten ofrecerle una experiencia personalizada y presentar anuncios relevantes a usted.<\/p>\n<h4>\u00bfC\u00f3mo est\u00e1 protegida la informaci\u00f3n personal?<\/h4>\n<p>Tomamos ciertas medidas de seguridad apropiadas para ayudar a que su informaci\u00f3n personal est\u00e9 protegida de p\u00e9rdidas accidentales y d\u00e9 acceso no autorizado, o uso de revelaci\u00f3n.  Sin embargo no podemos garantizar que personas no autorizadas siempre ser\u00e1n incapaz de vencer nuestras medidas de seguridad.  <\/p>\n<h4>\u00bfQui\u00e9n tiene acceso a est\u00e1 informaci\u00f3n?<\/h4>\n<p>Nosotros no venderemos, rentaremos, ni vamos arrendar la lista de correos ni otra informaci\u00f3n de usuario a otros, y no haremos disponible su informaci\u00f3n personal a ning\u00fan partido no afiliado, solo a los siguientes:<\/p>\n<ul>\n<li>A agentes, vendedores del sitio web y\/o contratistas que pueden usarlo bajo nuestro nombre o en coneccion con la relaci\u00f3n con nosotros;<\/li>\n<li>Si no podemos ayudarlo con su asunto, pero conocemos alg\u00fan abogado no afiliado o bufete de abogado que pueda ayudarlo, quiz\u00e1s lo refer\u00edamos y compartamos algo de su informaci\u00f3n que usted nos proporcion\u00f3 con ese abogado y<\/li>\n<li>Como es requerido por la ley, en un asunto de seguridad p\u00fablica o pol\u00edtica, como sea necesario en conecci\u00f3n con la transferencia de activos de la empresa (por ejemplo, si somos adquiridos por otra oficina o si somos liquidados durante un procedimiento de bancarrota), o si creemos en buena fe que compartir est\u00e1 informaci\u00f3n es necesaria para proteger nuestros derechos o propiedad.<\/li>\n<\/ul>\n<h4>\u00bfC\u00f3mo puedo corregir, cambiar o borrar mi informaci\u00f3n personal y\/o optar fuera de comunicaciones futuras?<\/h4>\n<p>Usted puede optar fuera de cualquier contacto futuro de nosotros en cualquier momento.  Comuniquese con nosotros a nuestro n\u00famero de tel\u00e9fono, el formulario de contacto o a nuestra direcci\u00f3n de correo en nuestro sitio web para:<\/p>\n<ul>\n<li>Ver que informaci\u00f3n tenemos de usted, si alguna;<\/li>\n<li>Cambiar\/corregir alguna informaci\u00f3n que tengamos de usted;<\/li>\n<li>Pedirnos que borremos cualquier informaci\u00f3n que tengamos de usted, y\/o optar d\u00e9 comunicaciones futuras de nuestra parte.  Si usted tiene alguna pregunta adicional o preocupaci\u00f3n de esta pol\u00edtica de privacidad, favor de comunicarse con nosotros a nuestro n\u00famero de tel\u00e9fono, formulario de contacto o direcci\u00f3n de correo en est\u00e1 p\u00e1gina web.  Si nuestra pr\u00e1ctica d\u00e9 informaci\u00f3n cambia de una manera significativa, pondremos nuestros cambios aqu\u00ed.  Efectivo 14 de septiembre, 2005.<\/li>\n<\/ul>\n","protected":false},"excerpt":{"rendered":"<p>Pol\u00edtica de Privacidad Est\u00e1 Pol\u00edtica de privacidad aplica a la informaci\u00f3n coleccionada en l\u00ednea de usuarios de nuestro sitio web. En est\u00e1 p\u00f3liza usted puede aprender qu\u00e9 informaci\u00f3n obtenemos, cu\u00e1ndo y c\u00f3mo podemos usar esa informaci\u00f3n, c\u00f3mo protegemos la informaci\u00f3n &hellip; <a href=\"https:\/\/cookattorneys.com\/es\/privacy-policy\/\">Read more<\/a><\/p>\n","protected":false},"author":23,"featured_media":0,"parent":0,"menu_order":5,"comment_status":"closed","ping_status":"closed","template":"","meta":{"_acf_changed":false,"footnotes":""},"class_list":["post-2514","page","type-page","status-publish","hentry"],"acf":[],"yoast_head":"<!-- This site is optimized with the Yoast SEO plugin v24.9 - https:\/\/yoast.com\/wordpress\/plugins\/seo\/ -->\n<title>Privacy Policy - Cook Attorneys<\/title>\n<meta name=\"robots\" content=\"index, follow, max-snippet:-1, max-image-preview:large, max-video-preview:-1\" \/>\n<link rel=\"canonical\" href=\"https:\/\/cookattorneys.com\/es\/privacy-policy\/\" \/>\n<meta property=\"og:locale\" content=\"es_ES\" \/>\n<meta property=\"og:type\" content=\"article\" \/>\n<meta property=\"og:title\" content=\"Privacy Policy - Cook Attorneys\" \/>\n<meta property=\"og:description\" content=\"Pol\u00edtica de Privacidad Est\u00e1 Pol\u00edtica de privacidad aplica a la informaci\u00f3n coleccionada en l\u00ednea de usuarios de nuestro sitio web. En est\u00e1 p\u00f3liza usted puede aprender qu\u00e9 informaci\u00f3n obtenemos, cu\u00e1ndo y c\u00f3mo podemos usar esa informaci\u00f3n, c\u00f3mo protegemos la informaci\u00f3n &hellip; Read more\" \/>\n<meta property=\"og:url\" content=\"https:\/\/cookattorneys.com\/es\/privacy-policy\/\" \/>\n<meta property=\"og:site_name\" content=\"Cook Attorneys\" \/>\n<meta name=\"twitter:card\" content=\"summary_large_image\" \/>\n<meta name=\"twitter:label1\" content=\"Tiempo de lectura\" \/>\n\t<meta name=\"twitter:data1\" content=\"8 minutos\" \/>\n<script type=\"application\/ld+json\" class=\"yoast-schema-graph\">{\"@context\":\"https:\/\/schema.org\",\"@graph\":[{\"@type\":\"WebPage\",\"@id\":\"https:\/\/cookattorneys.com\/es\/privacy-policy\/\",\"url\":\"https:\/\/cookattorneys.com\/es\/privacy-policy\/\",\"name\":\"Privacy Policy - Cook Attorneys\",\"isPartOf\":{\"@id\":\"https:\/\/cookattorneys.com\/es\/#website\"},\"datePublished\":\"2017-03-08T09:46:21+00:00\",\"breadcrumb\":{\"@id\":\"https:\/\/cookattorneys.com\/es\/privacy-policy\/#breadcrumb\"},\"inLanguage\":\"es\",\"potentialAction\":[{\"@type\":\"ReadAction\",\"target\":[\"https:\/\/cookattorneys.com\/es\/privacy-policy\/\"]}]},{\"@type\":\"BreadcrumbList\",\"@id\":\"https:\/\/cookattorneys.com\/es\/privacy-policy\/#breadcrumb\",\"itemListElement\":[{\"@type\":\"ListItem\",\"position\":1,\"name\":\"Home\",\"item\":\"https:\/\/cookattorneys.com\/es\/\"},{\"@type\":\"ListItem\",\"position\":2,\"name\":\"Privacy Policy\"}]},{\"@type\":\"WebSite\",\"@id\":\"https:\/\/cookattorneys.com\/es\/#website\",\"url\":\"https:\/\/cookattorneys.com\/es\/\",\"name\":\"Cook Attorneys\",\"description\":\"\",\"potentialAction\":[{\"@type\":\"SearchAction\",\"target\":{\"@type\":\"EntryPoint\",\"urlTemplate\":\"https:\/\/cookattorneys.com\/es\/?s={search_term_string}\"},\"query-input\":{\"@type\":\"PropertyValueSpecification\",\"valueRequired\":true,\"valueName\":\"search_term_string\"}}],\"inLanguage\":\"es\"}]}<\/script>\n<!-- \/ Yoast SEO plugin. -->","yoast_head_json":{"title":"Privacy Policy - Cook Attorneys","robots":{"index":"index","follow":"follow","max-snippet":"max-snippet:-1","max-image-preview":"max-image-preview:large","max-video-preview":"max-video-preview:-1"},"canonical":"https:\/\/cookattorneys.com\/es\/privacy-policy\/","og_locale":"es_ES","og_type":"article","og_title":"Privacy Policy - Cook Attorneys","og_description":"Pol\u00edtica de Privacidad Est\u00e1 Pol\u00edtica de privacidad aplica a la informaci\u00f3n coleccionada en l\u00ednea de usuarios de nuestro sitio web. En est\u00e1 p\u00f3liza usted puede aprender qu\u00e9 informaci\u00f3n obtenemos, cu\u00e1ndo y c\u00f3mo podemos usar esa informaci\u00f3n, c\u00f3mo protegemos la informaci\u00f3n &hellip; Read more","og_url":"https:\/\/cookattorneys.com\/es\/privacy-policy\/","og_site_name":"Cook Attorneys","twitter_card":"summary_large_image","twitter_misc":{"Tiempo de lectura":"8 minutos"},"schema":{"@context":"https:\/\/schema.org","@graph":[{"@type":"WebPage","@id":"https:\/\/cookattorneys.com\/es\/privacy-policy\/","url":"https:\/\/cookattorneys.com\/es\/privacy-policy\/","name":"Privacy Policy - Cook Attorneys","isPartOf":{"@id":"https:\/\/cookattorneys.com\/es\/#website"},"datePublished":"2017-03-08T09:46:21+00:00","breadcrumb":{"@id":"https:\/\/cookattorneys.com\/es\/privacy-policy\/#breadcrumb"},"inLanguage":"es","potentialAction":[{"@type":"ReadAction","target":["https:\/\/cookattorneys.com\/es\/privacy-policy\/"]}]},{"@type":"BreadcrumbList","@id":"https:\/\/cookattorneys.com\/es\/privacy-policy\/#breadcrumb","itemListElement":[{"@type":"ListItem","position":1,"name":"Home","item":"https:\/\/cookattorneys.com\/es\/"},{"@type":"ListItem","position":2,"name":"Privacy Policy"}]},{"@type":"WebSite","@id":"https:\/\/cookattorneys.com\/es\/#website","url":"https:\/\/cookattorneys.com\/es\/","name":"Cook Attorneys","description":"","potentialAction":[{"@type":"SearchAction","target":{"@type":"EntryPoint","urlTemplate":"https:\/\/cookattorneys.com\/es\/?s={search_term_string}"},"query-input":{"@type":"PropertyValueSpecification","valueRequired":true,"valueName":"search_term_string"}}],"inLanguage":"es"}]}},"_links":{"self":[{"href":"https:\/\/cookattorneys.com\/es\/wp-json\/wp\/v2\/pages\/2514","targetHints":{"allow":["GET"]}}],"collection":[{"href":"https:\/\/cookattorneys.com\/es\/wp-json\/wp\/v2\/pages"}],"about":[{"href":"https:\/\/cookattorneys.com\/es\/wp-json\/wp\/v2\/types\/page"}],"author":[{"embeddable":true,"href":"https:\/\/cookattorneys.com\/es\/wp-json\/wp\/v2\/users\/23"}],"replies":[{"embeddable":true,"href":"https:\/\/cookattorneys.com\/es\/wp-json\/wp\/v2\/comments?post=2514"}],"version-history":[{"count":0,"href":"https:\/\/cookattorneys.com\/es\/wp-json\/wp\/v2\/pages\/2514\/revisions"}],"wp:attachment":[{"href":"https:\/\/cookattorneys.com\/es\/wp-json\/wp\/v2\/media?parent=2514"}],"curies":[{"name":"wp","href":"https:\/\/api.w.org\/{rel}","templated":true}]}}