{"id":2741,"date":"2020-04-14T13:57:46","date_gmt":"2020-04-14T06:57:46","guid":{"rendered":"https:\/\/cookattorneys.com\/?page_id=2741"},"modified":"2024-11-27T13:13:44","modified_gmt":"2024-11-27T06:13:44","slug":"home","status":"publish","type":"page","link":"https:\/\/cookattorneys.com\/es\/","title":{"rendered":"Home"},"content":{"rendered":"\n\n<section class=\"section default traffic\" id=\"traffic\" style=\"background-image: url(https:\/\/cookattorneys.com\/wp-content\/uploads\/2017\/02\/traffic-defense-service-min.jpg); background-color: ;\">\n\n  <div class=\"section-inner\">\n\n    <div class=\"section-content \">\n              <h2 class=\"section-title\">Defensa de Tr\u00e1nsito<\/h2>\n      \n      \n              <div class=\"section-description\"><p>Nuestros abogados en Harrisonburg ayudan a conductores con infracciones de exceso de velocidad, conducci\u00f3n temeraria, y otros casos relacionados con infracciones de tr\u00e1nsito. Trabajaremos con usted para darle los consejos necesarios y trataremos de resolver sus casos relacionados con infracciones de tr\u00e1nsito de la mejor manera posible.<br \/>\n<a href=\"\/es\/services\/traffic-defense\" class=\"su-button su-button-style-default\" style=\"color:#ffffff;background-color:#2D89EF;border-color:#246ec0;border-radius:0px\" target=\"_self\"><span style=\"color:#ffffff;padding:0px 20px;font-size:16px;line-height:32px;border-color:#6cadf4;border-radius:0px;text-shadow:0px 0px 0px #fff\"> LEER MAS<\/span><\/a><\/p>\n<\/div>\n          \n      <div class=\"section-body\">\n              <\/div>\n    <\/div>\n  \n    \n  <\/div>\n<\/section>\n\n<section class=\"section default criminal\" id=\"criminal\" style=\"background-image: url(https:\/\/cookattorneys.com\/wp-content\/uploads\/2017\/02\/criminal-defense-service-min.jpg); background-color: ;\">\n\n  <div class=\"section-inner\">\n\n    <div class=\"section-content \">\n              <h2 class=\"section-title\">Defensa Criminal<\/h2>\n      \n      \n              <div class=\"section-description\"><p>Los Delitos criminales pueden alterar el curso de su vida entera, as\u00ed que necesita la ayuda de un abogado con experiencia en defensa criminal aunque usted sea culpable y especialmente si usted es inocente. Incluso condenas criminales de delitos menores puedan tener consecuencias graves. Si usted est\u00e1 enfrentando un delito criminal o est\u00e1 bajo investigaci\u00f3n por un delito, antes de hablar con los oficiales de la ley, llame a Cook Attorneys para hablar con un abogado con experiencia para que lo ayude a navegar el sistema de justicia penal localmente.<br \/>\n<a href=\"\/es\/services\/criminal-defense\" class=\"su-button su-button-style-default\" style=\"color:#ffffff;background-color:#2D89EF;border-color:#246ec0;border-radius:0px\" target=\"_self\"><span style=\"color:#ffffff;padding:0px 20px;font-size:16px;line-height:32px;border-color:#6cadf4;border-radius:0px;text-shadow:0px 0px 0px #fff\"> LEER MAS<\/span><\/a><\/p>\n<\/div>\n          \n      <div class=\"section-body\">\n              <\/div>\n    <\/div>\n  \n    \n  <\/div>\n<\/section>\n\n<section class=\"section default immigration\" id=\"immigration\" style=\"background-image: url(https:\/\/cookattorneys.com\/wp-content\/uploads\/2017\/02\/immigration-service-min.jpg); background-color: ;\">\n\n  <div class=\"section-inner\">\n\n    <div class=\"section-content \">\n              <h2 class=\"section-title\">Inmigraci\u00f3n<\/h2>\n      \n      \n              <div class=\"section-description\"><p>Al hacer una solicitud de un estado migratorio, usted necesita un abogado de inmigraci\u00f3n en el que puede confiar que entiende las leyes de inmigraci\u00f3n y el proceso burocr\u00e1tico. Desde el a\u00f1o 2000, Cook Attorneys ha ayudado inmigrantes a trav\u00e9s del Valle de Shenandoah para ajustar su estatus legal, aplicar para miembros de familia, hacer la petici\u00f3n de ciudadan\u00eda, y obtener asilo para poder permanecer en los Estados Unidos. Perm\u00edtanos ayudarles en su camino hacia una ciudadan\u00eda estadounidense con un plan de acci\u00f3n que cumple con el proceso complicado de inmigraci\u00f3n.<br \/>\n<a href=\"\/es\/services\/immigration\" class=\"su-button su-button-style-default\" style=\"color:#ffffff;background-color:#2D89EF;border-color:#246ec0;border-radius:0px\" target=\"_self\"><span style=\"color:#ffffff;padding:0px 20px;font-size:16px;line-height:32px;border-color:#6cadf4;border-radius:0px;text-shadow:0px 0px 0px #fff\"> LEER MAS<\/span><\/a><\/p>\n<\/div>\n          \n      <div class=\"section-body\">\n              <\/div>\n    <\/div>\n  \n    \n  <\/div>\n<\/section>\n\n<section class=\"section default about-us\" id=\"about-us\" style=\"background-image: url(); background-color: ;\">\n\n  <div class=\"section-inner\">\n\n    <div class=\"section-content \">\n              <h2 class=\"section-title\">Conozca Nuestros Abogados<\/h2>\n      \n      \n              <div class=\"section-description\"><p>Si necesita contratar un abogado de delitos de tr\u00e1nsito o un abogado de defensa criminal, es importante encontrar un abogado en quien puede confiar para que comprometa el tiempo y la energ\u00eda necesaria para trabajar en cumplir los objetivos de su defensa. Considere la experiencia del abogado, pericia y su capacidad al igual que su habilidad de explicar claramente el proceso y contestar todas sus preguntas. En veces es \u00fatil hablar con varios abogados para que usted tenga la mayor confianza en la capacidad del abogado que contrate para manejar su caso legal. En Cook Attorneys, nuestros abogados se dedican a asegurarse de que usted tenga los consejos y representaci\u00f3n que necesita en un momento cr\u00edtico. Entendemos que si est\u00e1 contratando un abogado, su caso es importante para usted. Trabajaremos con usted para asegurarnos de que usted entienda que est\u00e1 sucediendo en su caso y que usted sepa todas sus opciones. Nuestra tarea es de hacer lo mejor que se pueda para alcanzar sus objetivos con el menor impacto negativo para su vida.<\/p>\n<\/div>\n          \n      <div class=\"section-body\">\n                    <div class=\"grid-item col-md-4\" style=\"background-image: url(https:\/\/cookattorneys.com\/wp-content\/uploads\/2017\/02\/Aaron-L.-Cook-home-min.jpg);\" onclick=\"location.href='\/our-attorneys\/aaron-l-cook'\">\n                                  <div class=\"the-badge-box\">\n                    <img decoding=\"async\" class=\"the-badge-img-box\" src=\"https:\/\/cookattorneys.com\/wp-content\/uploads\/2018\/04\/superlawyers.png\" \/>\n                  <\/div>\n                                <div class=\"img-box\">\n                  <h4 class=\"grid-title\">Aaron L. Cook<\/h4>\n                  <div class=\"grid-description\"><p><a href=\"\/es\/our-attorneys\/aaron-l-cook\" class=\"su-button su-button-style-default img-button\" style=\"color:#ffffff;background-color:#2D89EF;border-color:#246ec0;border-radius:0px\" target=\"_self\"><span style=\"color:#ffffff;padding:0px 20px;font-size:16px;line-height:32px;border-color:#6cadf4;border-radius:0px;text-shadow:0px 0px 0px #fff\"> See More<\/span><\/a><\/p>\n<\/div>\n                <\/div>\n            <\/div>\n                        <div class=\"grid-item col-md-4\" style=\"background-image: url(https:\/\/cookattorneys.com\/wp-content\/uploads\/2017\/02\/Scott-T.-Hansen-home-min.jpg);\" onclick=\"location.href='\/our-attorneys\/scott-t-hansen'\">\n                                <div class=\"img-box\">\n                  <h4 class=\"grid-title\">Scott T. Hansen<\/h4>\n                  <div class=\"grid-description\"><p><a href=\"\/es\/our-attorneys\/scott-t-hansen\" class=\"su-button su-button-style-default img-button\" style=\"color:#ffffff;background-color:#2D89EF;border-color:#246ec0;border-radius:0px\" target=\"_self\"><span style=\"color:#ffffff;padding:0px 20px;font-size:16px;line-height:32px;border-color:#6cadf4;border-radius:0px;text-shadow:0px 0px 0px #fff\"> See More<\/span><\/a><\/p>\n<\/div>\n                <\/div>\n            <\/div>\n                        <div class=\"grid-item col-md-4\" style=\"background-image: url(https:\/\/cookattorneys.com\/wp-content\/uploads\/2017\/02\/R.-Shannon-Kite-home-min.jpg);\" onclick=\"location.href='\/our-attorneys\/r-shannon-kite'\">\n                                <div class=\"img-box\">\n                  <h4 class=\"grid-title\">R. Shannon Kite<\/h4>\n                  <div class=\"grid-description\"><p><a href=\"\/es\/our-attorneys\/r-shannon-kite\" class=\"su-button su-button-style-default img-button\" style=\"color:#ffffff;background-color:#2D89EF;border-color:#246ec0;border-radius:0px\" target=\"_self\"><span style=\"color:#ffffff;padding:0px 20px;font-size:16px;line-height:32px;border-color:#6cadf4;border-radius:0px;text-shadow:0px 0px 0px #fff\"> See More<\/span><\/a><\/p>\n<\/div>\n                <\/div>\n            <\/div>\n                  <\/div>\n    <\/div>\n  \n    \n  <\/div>\n<\/section>\n\n","protected":false},"excerpt":{"rendered":"","protected":false},"author":23,"featured_media":2632,"parent":0,"menu_order":6,"comment_status":"closed","ping_status":"closed","template":"","meta":{"_acf_changed":false,"footnotes":""},"class_list":["post-2741","page","type-page","status-publish","has-post-thumbnail","hentry"],"acf":[],"yoast_head":"<!-- This site is optimized with the Yoast SEO plugin v24.9 - https:\/\/yoast.com\/wordpress\/plugins\/seo\/ -->\n<title>Inmigraci\u00f3n, Penal y Tr\u00e1fico de Virginia | Cook Attorneys<\/title>\n<meta name=\"description\" content=\"Cook Attorneys es una firma de abogados que presta servicios a clientes que enfrentan cargos de tr\u00e1nsito y delitos penales en Harrisonburg y en todo el Valle de Shenandoah.\" \/>\n<meta name=\"robots\" content=\"index, follow, max-snippet:-1, max-image-preview:large, max-video-preview:-1\" \/>\n<link rel=\"canonical\" href=\"https:\/\/cookattorneys.com\/es\/\" \/>\n<meta property=\"og:locale\" content=\"es_ES\" \/>\n<meta property=\"og:type\" content=\"article\" \/>\n<meta property=\"og:title\" content=\"Inmigraci\u00f3n, Penal y Tr\u00e1fico de Virginia | Cook Attorneys\" \/>\n<meta property=\"og:description\" content=\"Cook Attorneys es una firma de abogados que presta servicios a clientes que enfrentan cargos de tr\u00e1nsito y delitos penales en Harrisonburg y en todo el Valle de Shenandoah.\" \/>\n<meta property=\"og:url\" content=\"https:\/\/cookattorneys.com\/es\/\" \/>\n<meta property=\"og:site_name\" content=\"Cook Attorneys\" \/>\n<meta property=\"article:modified_time\" content=\"2024-11-27T06:13:44+00:00\" \/>\n<meta property=\"og:image\" content=\"https:\/\/cookattorneys.com\/wp-content\/uploads\/2019\/05\/IMG_7946_Easy-Resize.com_.jpg\" \/>\n\t<meta property=\"og:image:width\" content=\"1280\" \/>\n\t<meta property=\"og:image:height\" content=\"853\" \/>\n\t<meta property=\"og:image:type\" content=\"image\/jpeg\" \/>\n<meta name=\"twitter:card\" content=\"summary_large_image\" \/>\n<meta name=\"twitter:label1\" content=\"Tiempo de lectura\" \/>\n\t<meta name=\"twitter:data1\" content=\"1 minuto\" \/>\n<script type=\"application\/ld+json\" class=\"yoast-schema-graph\">{\"@context\":\"https:\/\/schema.org\",\"@graph\":[{\"@type\":\"WebPage\",\"@id\":\"https:\/\/cookattorneys.com\/es\/\",\"url\":\"https:\/\/cookattorneys.com\/es\/\",\"name\":\"Inmigraci\u00f3n, Penal y Tr\u00e1fico de Virginia | Cook Attorneys\",\"isPartOf\":{\"@id\":\"https:\/\/cookattorneys.com\/es\/#website\"},\"primaryImageOfPage\":{\"@id\":\"https:\/\/cookattorneys.com\/es\/#primaryimage\"},\"image\":{\"@id\":\"https:\/\/cookattorneys.com\/es\/#primaryimage\"},\"thumbnailUrl\":\"https:\/\/cookattorneys.com\/wp-content\/uploads\/2019\/05\/IMG_7946_Easy-Resize.com_.jpg\",\"datePublished\":\"2020-04-14T06:57:46+00:00\",\"dateModified\":\"2024-11-27T06:13:44+00:00\",\"description\":\"Cook Attorneys es una firma de abogados que presta servicios a clientes que enfrentan cargos de tr\u00e1nsito y delitos penales en Harrisonburg y en todo el Valle de Shenandoah.\",\"breadcrumb\":{\"@id\":\"https:\/\/cookattorneys.com\/es\/#breadcrumb\"},\"inLanguage\":\"es\",\"potentialAction\":[{\"@type\":\"ReadAction\",\"target\":[\"https:\/\/cookattorneys.com\/es\/\"]}]},{\"@type\":\"ImageObject\",\"inLanguage\":\"es\",\"@id\":\"https:\/\/cookattorneys.com\/es\/#primaryimage\",\"url\":\"https:\/\/cookattorneys.com\/wp-content\/uploads\/2019\/05\/IMG_7946_Easy-Resize.com_.jpg\",\"contentUrl\":\"https:\/\/cookattorneys.com\/wp-content\/uploads\/2019\/05\/IMG_7946_Easy-Resize.com_.jpg\",\"width\":1280,\"height\":853},{\"@type\":\"BreadcrumbList\",\"@id\":\"https:\/\/cookattorneys.com\/es\/#breadcrumb\",\"itemListElement\":[{\"@type\":\"ListItem\",\"position\":1,\"name\":\"Home\",\"item\":\"https:\/\/cookattorneys.com\/es\/\"},{\"@type\":\"ListItem\",\"position\":2,\"name\":\"Home\"}]},{\"@type\":\"WebSite\",\"@id\":\"https:\/\/cookattorneys.com\/es\/#website\",\"url\":\"https:\/\/cookattorneys.com\/es\/\",\"name\":\"Cook Attorneys\",\"description\":\"\",\"potentialAction\":[{\"@type\":\"SearchAction\",\"target\":{\"@type\":\"EntryPoint\",\"urlTemplate\":\"https:\/\/cookattorneys.com\/es\/?s={search_term_string}\"},\"query-input\":{\"@type\":\"PropertyValueSpecification\",\"valueRequired\":true,\"valueName\":\"search_term_string\"}}],\"inLanguage\":\"es\"}]}<\/script>\n<!-- \/ Yoast SEO plugin. -->","yoast_head_json":{"title":"Inmigraci\u00f3n, Penal y Tr\u00e1fico de Virginia | Cook Attorneys","description":"Cook Attorneys es una firma de abogados que presta servicios a clientes que enfrentan cargos de tr\u00e1nsito y delitos penales en Harrisonburg y en todo el Valle de Shenandoah.","robots":{"index":"index","follow":"follow","max-snippet":"max-snippet:-1","max-image-preview":"max-image-preview:large","max-video-preview":"max-video-preview:-1"},"canonical":"https:\/\/cookattorneys.com\/es\/","og_locale":"es_ES","og_type":"article","og_title":"Inmigraci\u00f3n, Penal y Tr\u00e1fico de Virginia | Cook Attorneys","og_description":"Cook Attorneys es una firma de abogados que presta servicios a clientes que enfrentan cargos de tr\u00e1nsito y delitos penales en Harrisonburg y en todo el Valle de Shenandoah.","og_url":"https:\/\/cookattorneys.com\/es\/","og_site_name":"Cook Attorneys","article_modified_time":"2024-11-27T06:13:44+00:00","og_image":[{"width":1280,"height":853,"url":"https:\/\/cookattorneys.com\/wp-content\/uploads\/2019\/05\/IMG_7946_Easy-Resize.com_.jpg","type":"image\/jpeg"}],"twitter_card":"summary_large_image","twitter_misc":{"Tiempo de lectura":"1 minuto"},"schema":{"@context":"https:\/\/schema.org","@graph":[{"@type":"WebPage","@id":"https:\/\/cookattorneys.com\/es\/","url":"https:\/\/cookattorneys.com\/es\/","name":"Inmigraci\u00f3n, Penal y Tr\u00e1fico de Virginia | Cook Attorneys","isPartOf":{"@id":"https:\/\/cookattorneys.com\/es\/#website"},"primaryImageOfPage":{"@id":"https:\/\/cookattorneys.com\/es\/#primaryimage"},"image":{"@id":"https:\/\/cookattorneys.com\/es\/#primaryimage"},"thumbnailUrl":"https:\/\/cookattorneys.com\/wp-content\/uploads\/2019\/05\/IMG_7946_Easy-Resize.com_.jpg","datePublished":"2020-04-14T06:57:46+00:00","dateModified":"2024-11-27T06:13:44+00:00","description":"Cook Attorneys es una firma de abogados que presta servicios a clientes que enfrentan cargos de tr\u00e1nsito y delitos penales en Harrisonburg y en todo el Valle de Shenandoah.","breadcrumb":{"@id":"https:\/\/cookattorneys.com\/es\/#breadcrumb"},"inLanguage":"es","potentialAction":[{"@type":"ReadAction","target":["https:\/\/cookattorneys.com\/es\/"]}]},{"@type":"ImageObject","inLanguage":"es","@id":"https:\/\/cookattorneys.com\/es\/#primaryimage","url":"https:\/\/cookattorneys.com\/wp-content\/uploads\/2019\/05\/IMG_7946_Easy-Resize.com_.jpg","contentUrl":"https:\/\/cookattorneys.com\/wp-content\/uploads\/2019\/05\/IMG_7946_Easy-Resize.com_.jpg","width":1280,"height":853},{"@type":"BreadcrumbList","@id":"https:\/\/cookattorneys.com\/es\/#breadcrumb","itemListElement":[{"@type":"ListItem","position":1,"name":"Home","item":"https:\/\/cookattorneys.com\/es\/"},{"@type":"ListItem","position":2,"name":"Home"}]},{"@type":"WebSite","@id":"https:\/\/cookattorneys.com\/es\/#website","url":"https:\/\/cookattorneys.com\/es\/","name":"Cook Attorneys","description":"","potentialAction":[{"@type":"SearchAction","target":{"@type":"EntryPoint","urlTemplate":"https:\/\/cookattorneys.com\/es\/?s={search_term_string}"},"query-input":{"@type":"PropertyValueSpecification","valueRequired":true,"valueName":"search_term_string"}}],"inLanguage":"es"}]}},"_links":{"self":[{"href":"https:\/\/cookattorneys.com\/es\/wp-json\/wp\/v2\/pages\/2741","targetHints":{"allow":["GET"]}}],"collection":[{"href":"https:\/\/cookattorneys.com\/es\/wp-json\/wp\/v2\/pages"}],"about":[{"href":"https:\/\/cookattorneys.com\/es\/wp-json\/wp\/v2\/types\/page"}],"author":[{"embeddable":true,"href":"https:\/\/cookattorneys.com\/es\/wp-json\/wp\/v2\/users\/23"}],"replies":[{"embeddable":true,"href":"https:\/\/cookattorneys.com\/es\/wp-json\/wp\/v2\/comments?post=2741"}],"version-history":[{"count":4,"href":"https:\/\/cookattorneys.com\/es\/wp-json\/wp\/v2\/pages\/2741\/revisions"}],"predecessor-version":[{"id":3289,"href":"https:\/\/cookattorneys.com\/es\/wp-json\/wp\/v2\/pages\/2741\/revisions\/3289"}],"wp:featuredmedia":[{"embeddable":true,"href":"https:\/\/cookattorneys.com\/es\/wp-json\/wp\/v2\/media\/2632"}],"wp:attachment":[{"href":"https:\/\/cookattorneys.com\/es\/wp-json\/wp\/v2\/media?parent=2741"}],"curies":[{"name":"wp","href":"https:\/\/api.w.org\/{rel}","templated":true}]}}